{"id":3989,"date":"2025-12-06T20:05:18","date_gmt":"2025-12-06T20:05:18","guid":{"rendered":"https:\/\/demo01.gethomey.io\/?page_id=3989"},"modified":"2026-03-12T21:43:42","modified_gmt":"2026-03-12T21:43:42","slug":"rd","status":"publish","type":"page","link":"http:\/\/rest-innov.com\/fr\/rd\/","title":{"rendered":"R&amp;D"},"content":{"rendered":"<div data-elementor-type=\"wp-page\" data-elementor-id=\"3989\" class=\"elementor elementor-3989\" data-elementor-post-type=\"page\">\n\t\t\t\t<div class=\"elementor-element elementor-element-73ddce63 e-flex e-con-boxed e-con e-parent\" data-id=\"73ddce63\" data-element_type=\"container\" data-e-type=\"container\" data-settings=\"{&quot;background_background&quot;:&quot;classic&quot;}\">\n\t\t\t\t\t<div class=\"e-con-inner\">\n\t\t\t\t<div class=\"elementor-element elementor-element-264201ac elementor-widget__width-initial elementor-widget elementor-widget-heading\" data-id=\"264201ac\" data-element_type=\"widget\" data-e-type=\"widget\" data-widget_type=\"heading.default\">\n\t\t\t\t\t<h1 class=\"elementor-heading-title elementor-size-default\">Recherche et d\u00e9veloppement<\/h1>\t\t\t\t<\/div>\n\t\t\t\t\t<\/div>\n\t\t\t\t<\/div>\n\t\t<div class=\"elementor-element elementor-element-148f3da e-flex e-con-boxed elementor-invisible e-con e-parent\" data-id=\"148f3da\" data-element_type=\"container\" data-e-type=\"container\" data-settings=\"{&quot;animation&quot;:&quot;fadeInRight&quot;}\">\n\t\t\t\t\t<div class=\"e-con-inner\">\n\t\t\t\t<div class=\"elementor-element elementor-element-2492d8b ri-tmp-align-left elementor-widget elementor-widget-restinnov_text_media_pro\" data-id=\"2492d8b\" data-element_type=\"widget\" data-e-type=\"widget\" data-widget_type=\"restinnov_text_media_pro.default\">\n\t\t\t\t<div class=\"elementor-widget-container\">\n\t\t\t\t\t<section class=\"ri-tmp ri-tmp--split-classic ri-tmp--image-right\" data-reveal=\"fade-up\" data-reveal-duration=\"700\" data-float=\"no\" data-float-amplitude=\"0\" data-float-duration=\"0\" data-tilt=\"no\" data-tilt-intensity=\"0\" data-parallax=\"no\" data-parallax-strength=\"0\"><div class=\"ri-tmp__inner\"><div class=\"ri-tmp__content\"><div class=\"ri-tmp__description\"><p><strong>RestInnov<\/strong> stands out through its unique fusion of industrial-grade quality management and digital innovation applied to the hospitality sector.<\/p><p>While most competitors focus solely on operations or guest experience, <strong>RestInnov<\/strong> integrates a digital quality management system inspired by automotive industry standards, ensuring consistent excellence across all properties.<\/p><\/div><\/div><div class=\"ri-tmp__media-wrap\"><div class=\"ri-tmp__media\"><img fetchpriority=\"high\" decoding=\"async\" width=\"1536\" height=\"1024\" src=\"https:\/\/rest-innov.com\/wp-content\/uploads\/2026\/03\/rd.png\" class=\"attachment-full size-full wp-image-38563\" alt=\"\" srcset=\"https:\/\/rest-innov.com\/wp-content\/uploads\/2026\/03\/rd.png 1536w, https:\/\/rest-innov.com\/wp-content\/uploads\/2026\/03\/rd-300x200.png 300w, https:\/\/rest-innov.com\/wp-content\/uploads\/2026\/03\/rd-1024x683.png 1024w, https:\/\/rest-innov.com\/wp-content\/uploads\/2026\/03\/rd-768x512.png 768w\" sizes=\"(max-width: 1536px) 100vw, 1536px\" \/><\/div><\/div><\/div><\/section>\t\t\t\t<\/div>\n\t\t\t\t<\/div>\n\t\t\t\t\t<\/div>\n\t\t\t\t<\/div>\n\t\t<div class=\"elementor-element elementor-element-a6c99c3 e-con-full e-flex e-con e-parent\" data-id=\"a6c99c3\" data-element_type=\"container\" data-e-type=\"container\">\n\t\t\t\t<div class=\"elementor-element elementor-element-c02905a elementor-widget elementor-widget-restinnov_differentiators_pro\" data-id=\"c02905a\" data-element_type=\"widget\" data-e-type=\"widget\" data-widget_type=\"restinnov_differentiators_pro.default\">\n\t\t\t\t<div class=\"elementor-widget-container\">\n\t\t\t\t\t<section class=\"ri-rdp ri-rdp--after-diagram\" data-reveal=\"fade-up\" data-reveal-duration=\"700\" data-float=\"yes\" data-float-amplitude=\"10\" data-float-duration=\"7\" data-stagger=\"yes\" data-stagger-delay=\"90\"><div class=\"ri-rdp__header\"><h2 class=\"ri-rdp__header-title\">Les principaux \u00e9l\u00e9ments de diff\u00e9renciation sont les suivants\u00a0:<\/h2><div class=\"ri-rdp__header-subtitle\">Premium differentiator storytelling widget with multiple professional models.<\/div><\/div><div class=\"ri-rdp__featured\"><div class=\"ri-rdp__featured-copy\"><h3 class=\"ri-rdp__featured-title\">Innovation-first Culture<\/h3><div class=\"ri-rdp__featured-description\">Combining hospitality expertise with engineering discipline for superior reliability and customer satisfaction.<\/div><\/div><div class=\"ri-rdp__featured-visual-wrap\"><div class=\"ri-rdp__featured-visual-card\"><img decoding=\"async\" width=\"2457\" height=\"1376\" src=\"https:\/\/rest-innov.com\/wp-content\/uploads\/2026\/03\/Digital-Innovation.jpg\" class=\"attachment-full size-full wp-image-38572\" alt=\"\" srcset=\"https:\/\/rest-innov.com\/wp-content\/uploads\/2026\/03\/Digital-Innovation.jpg 2457w, https:\/\/rest-innov.com\/wp-content\/uploads\/2026\/03\/Digital-Innovation-300x168.jpg 300w, https:\/\/rest-innov.com\/wp-content\/uploads\/2026\/03\/Digital-Innovation-1024x573.jpg 1024w, https:\/\/rest-innov.com\/wp-content\/uploads\/2026\/03\/Digital-Innovation-768x430.jpg 768w, https:\/\/rest-innov.com\/wp-content\/uploads\/2026\/03\/Digital-Innovation-1536x860.jpg 1536w, https:\/\/rest-innov.com\/wp-content\/uploads\/2026\/03\/Digital-Innovation-2048x1147.jpg 2048w\" sizes=\"(max-width: 2457px) 100vw, 2457px\" \/><\/div><\/div><\/div><div class=\"ri-rdp__connector ri-rdp__connector--featured\" aria-hidden=\"true\"><svg aria-hidden=\"true\" class=\"ri-rdp__connector-icon e-font-icon-svg e-fas-caret-down\" viewbox=\"0 0 320 512\" xmlns=\"http:\/\/www.w3.org\/2000\/svg\"><path d=\"M31.3 192h257.3c17.8 0 26.7 21.5 14.1 34.1L174.1 354.8c-7.8 7.8-20.5 7.8-28.3 0L17.2 226.1C4.6 213.5 13.5 192 31.3 192z\"><\/path><\/svg><\/div><div class=\"ri-rdp__cards\"><article class=\"ri-rdp__card\" style=\"--ri-rdp-card-index:0;\"><div class=\"ri-rdp__card-connector\" aria-hidden=\"true\"><svg aria-hidden=\"true\" class=\"ri-rdp__connector-icon e-font-icon-svg e-fas-chevron-down\" viewbox=\"0 0 448 512\" xmlns=\"http:\/\/www.w3.org\/2000\/svg\"><path d=\"M207.029 381.476L12.686 187.132c-9.373-9.373-9.373-24.569 0-33.941l22.667-22.667c9.357-9.357 24.522-9.375 33.901-.04L224 284.505l154.745-154.021c9.379-9.335 24.544-9.317 33.901.04l22.667 22.667c9.373 9.373 9.373 24.569 0 33.941L240.971 381.476c-9.373 9.372-24.569 9.372-33.942 0z\"><\/path><\/svg><\/div><h4 class=\"ri-rdp__card-title\">Process Standardization and Automation<\/h4><div class=\"ri-rdp__card-image\"><img decoding=\"async\" src=\"https:\/\/rest-innov.com\/wp-content\/uploads\/2026\/03\/6e2c2bae-c899-4371-8432-938eb04927de.png\" alt=\"\" \/><\/div><div class=\"ri-rdp__card-description\">Every step of property management\u2014cleaning, maintenance, guest check-in, and feedback\u2014is monitored and optimized through digital tools.<\/div><\/article><article class=\"ri-rdp__card\" style=\"--ri-rdp-card-index:1;\"><div class=\"ri-rdp__card-connector\" aria-hidden=\"true\"><svg aria-hidden=\"true\" class=\"ri-rdp__connector-icon e-font-icon-svg e-fas-chevron-down\" viewbox=\"0 0 448 512\" xmlns=\"http:\/\/www.w3.org\/2000\/svg\"><path d=\"M207.029 381.476L12.686 187.132c-9.373-9.373-9.373-24.569 0-33.941l22.667-22.667c9.357-9.357 24.522-9.375 33.901-.04L224 284.505l154.745-154.021c9.379-9.335 24.544-9.317 33.901.04l22.667 22.667c9.373 9.373 9.373 24.569 0 33.941L240.971 381.476c-9.373 9.372-24.569 9.372-33.942 0z\"><\/path><\/svg><\/div><h4 class=\"ri-rdp__card-title\">Data-driven Performance Tracking<\/h4><div class=\"ri-rdp__card-image\"><img decoding=\"async\" src=\"https:\/\/rest-innov.com\/wp-content\/uploads\/2026\/03\/c0cee7d1-c49c-46bd-87f8-ce6b15cda900.png\" alt=\"\" \/><\/div><div class=\"ri-rdp__card-description\">Real-time dashboards measure service quality and operational efficiency.<\/div><\/article><article class=\"ri-rdp__card\" style=\"--ri-rdp-card-index:2;\"><div class=\"ri-rdp__card-connector\" aria-hidden=\"true\"><svg aria-hidden=\"true\" class=\"ri-rdp__connector-icon e-font-icon-svg e-fas-chevron-down\" viewbox=\"0 0 448 512\" xmlns=\"http:\/\/www.w3.org\/2000\/svg\"><path d=\"M207.029 381.476L12.686 187.132c-9.373-9.373-9.373-24.569 0-33.941l22.667-22.667c9.357-9.357 24.522-9.375 33.901-.04L224 284.505l154.745-154.021c9.379-9.335 24.544-9.317 33.901.04l22.667 22.667c9.373 9.373 9.373 24.569 0 33.941L240.971 381.476c-9.373 9.372-24.569 9.372-33.942 0z\"><\/path><\/svg><\/div><h4 class=\"ri-rdp__card-title\">Scalable Model<\/h4><div class=\"ri-rdp__card-image\"><img decoding=\"async\" src=\"https:\/\/rest-innov.com\/wp-content\/uploads\/2026\/03\/d1e72aa3-873f-4cee-99dd-1a5306bf04e4.png\" alt=\"\" \/><\/div><div class=\"ri-rdp__card-description\">Designed to evolve into a franchise-ready digital concierge network, enabling rapid national and international growth.<\/div><\/article><\/div><\/section>\t\t\t\t<\/div>\n\t\t\t\t<\/div>\n\t\t\t\t<\/div>\n\t\t\t\t<\/div>","protected":false},"excerpt":{"rendered":"<p>Research &amp; Development RestInnov stands out through its unique fusion of industrial-grade quality management and digital innovation applied to the hospitality sector. While most competitors focus solely on operations or guest experience, RestInnov integrates a digital quality management system inspired by automotive industry standards, ensuring consistent excellence across all properties. Key differentiators include: Premium differentiator [&hellip;]<\/p>\n","protected":false},"author":1,"featured_media":0,"parent":0,"menu_order":0,"comment_status":"closed","ping_status":"closed","template":"elementor_header_footer","meta":{"footnotes":""},"class_list":["post-3989","page","type-page","status-publish","hentry"],"_links":{"self":[{"href":"http:\/\/rest-innov.com\/fr\/wp-json\/wp\/v2\/pages\/3989","targetHints":{"allow":["GET"]}}],"collection":[{"href":"http:\/\/rest-innov.com\/fr\/wp-json\/wp\/v2\/pages"}],"about":[{"href":"http:\/\/rest-innov.com\/fr\/wp-json\/wp\/v2\/types\/page"}],"author":[{"embeddable":true,"href":"http:\/\/rest-innov.com\/fr\/wp-json\/wp\/v2\/users\/1"}],"replies":[{"embeddable":true,"href":"http:\/\/rest-innov.com\/fr\/wp-json\/wp\/v2\/comments?post=3989"}],"version-history":[{"count":39,"href":"http:\/\/rest-innov.com\/fr\/wp-json\/wp\/v2\/pages\/3989\/revisions"}],"predecessor-version":[{"id":38776,"href":"http:\/\/rest-innov.com\/fr\/wp-json\/wp\/v2\/pages\/3989\/revisions\/38776"}],"wp:attachment":[{"href":"http:\/\/rest-innov.com\/fr\/wp-json\/wp\/v2\/media?parent=3989"}],"curies":[{"name":"wp","href":"https:\/\/api.w.org\/{rel}","templated":true}]}}